{"id":176,"date":"2021-02-26T13:41:39","date_gmt":"2021-02-26T13:41:39","guid":{"rendered":"http:\/\/ssiad-faches.fr\/?page_id=176"},"modified":"2021-02-26T14:14:39","modified_gmt":"2021-02-26T14:14:39","slug":"objectif-ssiad-lille","status":"publish","type":"page","link":"https:\/\/ssiad-faches.fr\/?page_id=176","title":{"rendered":"Nos objectifs"},"content":{"rendered":"<div  data-label=\"Content\" data-id=\"content--2\" data-export-id=\"content-8\" data-category=\"content\" class=\"content-8 content-section content-section-spacing\" id=\"content-2\" style=\"background-color: rgb(255, 255, 255);\">\n<div  class=\"gridContainer\">\n<div  class=\"row middle-sm\">\n<div  class=\"col-sm-6 space-bottom-xs space-top-xs\" data-type=\"column\"> <img decoding=\"async\"  class=\"shadow-large\" src=\"http:\/\/ssiad-faches.fr\/wp-content\/uploads\/2021\/02\/cropped-12.jpg\" title=\"cropped-12.jpg\" alt=\"\"><\/div>\n<div  class=\"col-sm-6\" data-type=\"column\">\n<h2  class=\"\">L\u2019intervention du S.S.I.AD permet de :<\/h2>\n<p  class=\"\">\u2013 Faciliter le maintien \u00e0 domicile en pr\u00e9servant ou en am\u00e9liorant l\u2019autonomie de personnes prises en charges.<\/p>\n<p>\u2013 Facilit\u00e9 le retour \u00e0 domicile apr\u00e8s hospitalisation en attente d\u2019un relais aide \u00e0 domicile.<\/p>\n<p>\u2013 Diminuer le temps d\u2019hospitalisation.<\/p>\n<p>\u2013 \u00c9viter l\u2019hospitalisation lorsque les conditions m\u00e9dicales et sociales sont favorables.<\/p>\n<\/p><\/div>\n<\/p><\/div>\n<\/div><\/div>\n<div  data-label=\"Content\" data-id=\"content--1\" data-export-id=\"content-7\" data-category=\"content\" class=\"content-7 content-section content-section-spacing\" id=\"content-1\" style=\"background-color: rgb(255, 255, 255); background-image: none;\">\n<div  class=\"gridContainer\">\n<div  class=\"row middle-sm\">\n<div  class=\"col-sm-6 space-bottom-xs\" data-type=\"column\">\n<p  class=\"\">\n<br >\u2013 Retarder l\u2019admission en \u00e9tablissements pour les personnes \u00e2g\u00e9es d\u00e9pendantes et les personnes malades ou en situation de handicap.<\/p>\n<p>\u2013 Accompagner les situations palliatives.<\/p>\n<p>\u2013 Coordonner les diff\u00e9rentes prestations mises en place au domicile de la personne accompagn\u00e9e.<br >\n<\/p>\n<\/p><\/div>\n<div  class=\"col-sm-6\" data-type=\"column\"> <img decoding=\"async\"  class=\"shadow-large\" src=\"http:\/\/ssiad-faches.fr\/wp-content\/uploads\/2021\/02\/cropped-2.jpg\" title=\"cropped-2.jpg\" alt=\"\"><\/div>\n<\/p><\/div>\n<\/div><\/div>\n<div  data-label=\"Cta\" data-id=\"cta--1\" data-export-id=\"cta-blue-section\" data-category=\"cta\" class=\"cta-blue-section content-section content-section-spacing-medium bg-color1 white-text\" id=\"cta-1\">\n<div  class=\"gridContainer\">\n<div  class=\"row middle-xs\">\n<div  class=\"col-sm-8 space-bottom-xs\" data-type=\"column\">\n<h2  class=\"\">BESOIN D\u2019UNE<br ><br \/>\nINFORMATION ?<\/h2>\n<\/p><\/div>\n<div  class=\"col-sm-4 end-sm\" data-type=\"column\"> <a class=\"button color2\" href=\"tel:03.20.60.09.05\" target=\"_self\" data-cp-link=\"1\" data-icon=\"fa-phone\" rel=\"noopener\"><span  class=\"button-icon fa fa-phone\"><\/span>Contactez-nous<\/a><\/div>\n<\/p><\/div>\n<\/div><\/div>\n<div  data-label=\"Cta\" data-id=\"cta--2\" data-export-id=\"cta-centered-bg-section\" data-category=\"cta\" data-section-ov=\"1\" class=\"cta-centered-bg-section content-section content-section-spacing-medium white-text\" data-parallax-depth=\"20\" id=\"cta-2\" style=\"background-color: rgb(245, 250, 253); background-image: url(&quot;http:\/\/ssiad-faches.fr\/wp-content\/uploads\/2021\/02\/1.jpg&quot;); background-size: cover; background-position: center top;\">\n<div  class=\"gridContainer\">\n<div  class=\"row text-center\">\n<div  data-type=\"column\" class=\"\">\n<h2  class=\"\">\n<p><span  class=\"font-300\"><\/span><\/h2>\n<\/p><\/div>\n<\/p><\/div>\n<\/div><\/div>\n<div  data-label=\"Contact\" data-id=\"contact--1\" data-export-id=\"contact-6\" data-category=\"contact\" class=\"contact-5 content-section content-section-spacing\" id=\"contact-1\" style=\"background-color: rgb(255, 255, 255);\">\n<div  class=\"gridContainer\">\n<div  class=\"row text-center\">\n<div  class=\"section-title-col\" data-type=\"column\">\n<h2  class=\"\">RENDEZ-NOUS VISITE !<\/h2>\n<p  class=\"lead\">SERVICE DE SOINS INFIRMIERS \u00c0 DOMICILE DE FACHES-THUMESNIL \u00ab ANNE MARIE JAVOUHEY \u00bb<\/p>\n<\/div><\/div>\n<div  class=\"row middle-sm\">\n<div  class=\"col-xs-12 col-sm-6 image-holder space-bottom-xs\">\n<div  data-content-shortcode=\"mesmerize_maps address=&quot;12, rue Anatole France 59155 \u2013 FACHES THUMESNIL&quot; zoom=&quot;90&quot;\" data-editable=\"true\" class=\"shadow-medium\">        <div class=\"mesmerize-google-maps\" style=\"width:100%\">\n            <iframe style=\"width:100%; height:100%;min-height:inherit;display:block;\" src=\"https:\/\/maps.google.com\/maps?q=12,%20rue%20Anatole%20France%2059155%20\u2013%20FACHES%20THUMESNIL&#038;z=19&#038;output=embed&#038;iwloc=near\"><\/iframe>\n        <\/div>\n    <\/div>\n<\/div>\n<div  class=\"col-xs-12 col-sm-6\">\n<div  class=\"row middle-sm\">\n<div  data-type=\"column\" class=\"col-xs-12 space-bottom-small\">\n<h3  class=\"color1\">NOS COORDONN\u00c9ES:<\/h3>\n<\/div><\/div>\n<div  class=\"row middle-sm\" data-type=\"row\">\n<div  class=\"col-xs-12 space-bottom-small\">\n<div  class=\"row\">\n<div  data-type=\"column\" class=\"col-xs-12 col-sm-fit label-col\">\n<h5  class=\"\">Adresse:<\/h5>\n<\/div>\n<div  data-type=\"column\" class=\"col-xs-12 col-sm\">\n<p  class=\"\">12, rue Anatole France 59155 \u2013 FACHES THUMESNIL<\/p>\n<\/div><\/div>\n<\/div>\n<div  class=\"col-xs-12 space-bottom-small\">\n<div  class=\"row\">\n<div  data-type=\"column\" class=\"col-xs-12 col-sm-fit label-col\">\n<h5  class=\"\">T\u00e9l\u00e9phone:<\/h5>\n<\/div>\n<div  data-type=\"column\" class=\"col-xs-12 col-sm\">\n<p  class=\"\">03 20 60 09 05<\/p>\n<\/div><\/div>\n<\/div>\n<div  class=\"col-xs-12 space-bottom-small\">\n<div  class=\"row\">\n<div  data-type=\"column\" class=\"col-xs-12 col-sm-fit label-col\">\n<h5  class=\"\">Email:<\/h5>\n<\/div>\n<div  data-type=\"column\" class=\"col-xs-12 col-sm\"><a href=\"mailto:accueil@ssiad-amjavouhey.fr\" class=\"\" target=\"_self\" data-cp-link=\"1\" rel=\"noopener\">accueil@ssiad-amjavouhey.fr<\/a><\/div>\n<\/p><\/div>\n<\/div>\n<div  class=\"col-xs-12 space-bottom-small\">\n<div  class=\"row\">\n<div  data-type=\"column\" class=\"col-xs-12 col-sm-fit label-col\">\n<h5  class=\"\">Suivez-nous:<\/h5>\n<\/div>\n<div  data-type=\"column\" class=\"col-xs-12 col-sm\">\n<div  data-type=\"group\" class=\"\"> <a href=\"#\" target=\"_self\" rel=\"noopener\"><i  class=\"fa icon fa-linkedin-square color1\"><\/i><\/a> <a href=\"#\" target=\"_self\" rel=\"noopener\"><i  class=\"fa icon fa-facebook-square color1\"><\/i><\/a> <a href=\"#\" target=\"_self\" data-reiki-hidden=\"true\" rel=\"noopener\"><i  class=\"fa icon fa-instagram color1\"><\/i><\/a> <a href=\"#\" target=\"_self\" rel=\"noopener\"><i  class=\"fa icon fa-rss color1\"><\/i><\/a><\/div>\n<\/p><\/div>\n<\/div><\/div>\n<\/div><\/div>\n<\/div><\/div>\n<\/div>\n","protected":false},"excerpt":{"rendered":"<p>L\u2019intervention du S.S.I.AD permet de : \u2013 Faciliter le maintien \u00e0 domicile en pr\u00e9servant ou en am\u00e9liorant l\u2019autonomie de personnes prises en charges. \u2013 Facilit\u00e9 le retour \u00e0 domicile apr\u00e8s hospitalisation en attente d\u2019un relais aide \u00e0 domicile. \u2013 Diminuer le temps d\u2019hospitalisation. \u2013 \u00c9viter l\u2019hospitalisation lorsque les conditions m\u00e9dicales et sociales sont favorables. \u2013&hellip; <br \/> <a class=\"read-more\" href=\"https:\/\/ssiad-faches.fr\/?page_id=176\">Read more<\/a><\/p>\n","protected":false},"author":1,"featured_media":0,"parent":0,"menu_order":0,"comment_status":"closed","ping_status":"closed","template":"pro\/page-templates\/full-width-page.php","meta":{"footnotes":""},"class_list":["post-176","page","type-page","status-publish","hentry"],"yoast_head":"<!-- This site is optimized with the Yoast SEO plugin v27.4 - https:\/\/yoast.com\/product\/yoast-seo-wordpress\/ -->\n<title>Nos objectifs - SSIAD<\/title>\n<meta name=\"description\" content=\"Le S.S.I.A.D de Faches-Thumesnil s\u2019appuie sur une valeur fondamentale selon laquelle l\u2019\u00eatre humain est unique.\" \/>\n<meta name=\"robots\" content=\"index, follow, max-snippet:-1, max-image-preview:large, max-video-preview:-1\" \/>\n<link rel=\"canonical\" href=\"https:\/\/ssiad-faches.fr\/?page_id=176\" \/>\n<meta property=\"og:locale\" content=\"fr_FR\" \/>\n<meta property=\"og:type\" content=\"article\" \/>\n<meta property=\"og:title\" content=\"Nos objectifs - SSIAD\" \/>\n<meta property=\"og:description\" content=\"Le S.S.I.A.D de Faches-Thumesnil s\u2019appuie sur une valeur fondamentale selon laquelle l\u2019\u00eatre humain est unique.\" \/>\n<meta property=\"og:url\" content=\"https:\/\/ssiad-faches.fr\/?page_id=176\" \/>\n<meta property=\"og:site_name\" content=\"SSIAD\" \/>\n<meta property=\"article:modified_time\" content=\"2021-02-26T14:14:39+00:00\" \/>\n<meta property=\"og:image\" content=\"http:\/\/ssiad-faches.fr\/wp-content\/uploads\/2021\/02\/cropped-12.jpg\" \/>\n<meta name=\"twitter:card\" content=\"summary_large_image\" \/>\n<meta name=\"twitter:label1\" content=\"Dur\u00e9e de lecture estim\u00e9e\" \/>\n\t<meta name=\"twitter:data1\" content=\"1 minute\" \/>\n<script type=\"application\/ld+json\" class=\"yoast-schema-graph\">{\"@context\":\"https:\\\/\\\/schema.org\",\"@graph\":[{\"@type\":\"WebPage\",\"@id\":\"https:\\\/\\\/ssiad-faches.fr\\\/?page_id=176\",\"url\":\"https:\\\/\\\/ssiad-faches.fr\\\/?page_id=176\",\"name\":\"Nos objectifs - SSIAD\",\"isPartOf\":{\"@id\":\"https:\\\/\\\/ssiad-faches.fr\\\/#website\"},\"primaryImageOfPage\":{\"@id\":\"https:\\\/\\\/ssiad-faches.fr\\\/?page_id=176#primaryimage\"},\"image\":{\"@id\":\"https:\\\/\\\/ssiad-faches.fr\\\/?page_id=176#primaryimage\"},\"thumbnailUrl\":\"http:\\\/\\\/ssiad-faches.fr\\\/wp-content\\\/uploads\\\/2021\\\/02\\\/cropped-12.jpg\",\"datePublished\":\"2021-02-26T13:41:39+00:00\",\"dateModified\":\"2021-02-26T14:14:39+00:00\",\"description\":\"Le S.S.I.A.D de Faches-Thumesnil s\u2019appuie sur une valeur fondamentale selon laquelle l\u2019\u00eatre humain est unique.\",\"breadcrumb\":{\"@id\":\"https:\\\/\\\/ssiad-faches.fr\\\/?page_id=176#breadcrumb\"},\"inLanguage\":\"fr-FR\",\"potentialAction\":[{\"@type\":\"ReadAction\",\"target\":[\"https:\\\/\\\/ssiad-faches.fr\\\/?page_id=176\"]}]},{\"@type\":\"ImageObject\",\"inLanguage\":\"fr-FR\",\"@id\":\"https:\\\/\\\/ssiad-faches.fr\\\/?page_id=176#primaryimage\",\"url\":\"https:\\\/\\\/ssiad-faches.fr\\\/wp-content\\\/uploads\\\/2021\\\/02\\\/cropped-12.jpg\",\"contentUrl\":\"https:\\\/\\\/ssiad-faches.fr\\\/wp-content\\\/uploads\\\/2021\\\/02\\\/cropped-12.jpg\",\"width\":1627,\"height\":1080},{\"@type\":\"BreadcrumbList\",\"@id\":\"https:\\\/\\\/ssiad-faches.fr\\\/?page_id=176#breadcrumb\",\"itemListElement\":[{\"@type\":\"ListItem\",\"position\":1,\"name\":\"Accueil\",\"item\":\"https:\\\/\\\/ssiad-faches.fr\\\/\"},{\"@type\":\"ListItem\",\"position\":2,\"name\":\"Nos objectifs\"}]},{\"@type\":\"WebSite\",\"@id\":\"https:\\\/\\\/ssiad-faches.fr\\\/#website\",\"url\":\"https:\\\/\\\/ssiad-faches.fr\\\/\",\"name\":\"SSIAD\",\"description\":\"Services de Soins Infirmiers \u00e0 Domicile\",\"publisher\":{\"@id\":\"https:\\\/\\\/ssiad-faches.fr\\\/#organization\"},\"potentialAction\":[{\"@type\":\"SearchAction\",\"target\":{\"@type\":\"EntryPoint\",\"urlTemplate\":\"https:\\\/\\\/ssiad-faches.fr\\\/?s={search_term_string}\"},\"query-input\":{\"@type\":\"PropertyValueSpecification\",\"valueRequired\":true,\"valueName\":\"search_term_string\"}}],\"inLanguage\":\"fr-FR\"},{\"@type\":\"Organization\",\"@id\":\"https:\\\/\\\/ssiad-faches.fr\\\/#organization\",\"name\":\"SSIAD\",\"url\":\"https:\\\/\\\/ssiad-faches.fr\\\/\",\"logo\":{\"@type\":\"ImageObject\",\"inLanguage\":\"fr-FR\",\"@id\":\"https:\\\/\\\/ssiad-faches.fr\\\/#\\\/schema\\\/logo\\\/image\\\/\",\"url\":\"https:\\\/\\\/ssiad-faches.fr\\\/wp-content\\\/uploads\\\/2021\\\/02\\\/cropped-SSIAD.png\",\"contentUrl\":\"https:\\\/\\\/ssiad-faches.fr\\\/wp-content\\\/uploads\\\/2021\\\/02\\\/cropped-SSIAD.png\",\"width\":413,\"height\":139,\"caption\":\"SSIAD\"},\"image\":{\"@id\":\"https:\\\/\\\/ssiad-faches.fr\\\/#\\\/schema\\\/logo\\\/image\\\/\"}}]}<\/script>\n<!-- \/ Yoast SEO plugin. -->","yoast_head_json":{"title":"Nos objectifs - SSIAD","description":"Le S.S.I.A.D de Faches-Thumesnil s\u2019appuie sur une valeur fondamentale selon laquelle l\u2019\u00eatre humain est unique.","robots":{"index":"index","follow":"follow","max-snippet":"max-snippet:-1","max-image-preview":"max-image-preview:large","max-video-preview":"max-video-preview:-1"},"canonical":"https:\/\/ssiad-faches.fr\/?page_id=176","og_locale":"fr_FR","og_type":"article","og_title":"Nos objectifs - SSIAD","og_description":"Le S.S.I.A.D de Faches-Thumesnil s\u2019appuie sur une valeur fondamentale selon laquelle l\u2019\u00eatre humain est unique.","og_url":"https:\/\/ssiad-faches.fr\/?page_id=176","og_site_name":"SSIAD","article_modified_time":"2021-02-26T14:14:39+00:00","og_image":[{"url":"http:\/\/ssiad-faches.fr\/wp-content\/uploads\/2021\/02\/cropped-12.jpg","type":"","width":"","height":""}],"twitter_card":"summary_large_image","twitter_misc":{"Dur\u00e9e de lecture estim\u00e9e":"1 minute"},"schema":{"@context":"https:\/\/schema.org","@graph":[{"@type":"WebPage","@id":"https:\/\/ssiad-faches.fr\/?page_id=176","url":"https:\/\/ssiad-faches.fr\/?page_id=176","name":"Nos objectifs - SSIAD","isPartOf":{"@id":"https:\/\/ssiad-faches.fr\/#website"},"primaryImageOfPage":{"@id":"https:\/\/ssiad-faches.fr\/?page_id=176#primaryimage"},"image":{"@id":"https:\/\/ssiad-faches.fr\/?page_id=176#primaryimage"},"thumbnailUrl":"http:\/\/ssiad-faches.fr\/wp-content\/uploads\/2021\/02\/cropped-12.jpg","datePublished":"2021-02-26T13:41:39+00:00","dateModified":"2021-02-26T14:14:39+00:00","description":"Le S.S.I.A.D de Faches-Thumesnil s\u2019appuie sur une valeur fondamentale selon laquelle l\u2019\u00eatre humain est unique.","breadcrumb":{"@id":"https:\/\/ssiad-faches.fr\/?page_id=176#breadcrumb"},"inLanguage":"fr-FR","potentialAction":[{"@type":"ReadAction","target":["https:\/\/ssiad-faches.fr\/?page_id=176"]}]},{"@type":"ImageObject","inLanguage":"fr-FR","@id":"https:\/\/ssiad-faches.fr\/?page_id=176#primaryimage","url":"https:\/\/ssiad-faches.fr\/wp-content\/uploads\/2021\/02\/cropped-12.jpg","contentUrl":"https:\/\/ssiad-faches.fr\/wp-content\/uploads\/2021\/02\/cropped-12.jpg","width":1627,"height":1080},{"@type":"BreadcrumbList","@id":"https:\/\/ssiad-faches.fr\/?page_id=176#breadcrumb","itemListElement":[{"@type":"ListItem","position":1,"name":"Accueil","item":"https:\/\/ssiad-faches.fr\/"},{"@type":"ListItem","position":2,"name":"Nos objectifs"}]},{"@type":"WebSite","@id":"https:\/\/ssiad-faches.fr\/#website","url":"https:\/\/ssiad-faches.fr\/","name":"SSIAD","description":"Services de Soins Infirmiers \u00e0 Domicile","publisher":{"@id":"https:\/\/ssiad-faches.fr\/#organization"},"potentialAction":[{"@type":"SearchAction","target":{"@type":"EntryPoint","urlTemplate":"https:\/\/ssiad-faches.fr\/?s={search_term_string}"},"query-input":{"@type":"PropertyValueSpecification","valueRequired":true,"valueName":"search_term_string"}}],"inLanguage":"fr-FR"},{"@type":"Organization","@id":"https:\/\/ssiad-faches.fr\/#organization","name":"SSIAD","url":"https:\/\/ssiad-faches.fr\/","logo":{"@type":"ImageObject","inLanguage":"fr-FR","@id":"https:\/\/ssiad-faches.fr\/#\/schema\/logo\/image\/","url":"https:\/\/ssiad-faches.fr\/wp-content\/uploads\/2021\/02\/cropped-SSIAD.png","contentUrl":"https:\/\/ssiad-faches.fr\/wp-content\/uploads\/2021\/02\/cropped-SSIAD.png","width":413,"height":139,"caption":"SSIAD"},"image":{"@id":"https:\/\/ssiad-faches.fr\/#\/schema\/logo\/image\/"}}]}},"_links":{"self":[{"href":"https:\/\/ssiad-faches.fr\/index.php?rest_route=\/wp\/v2\/pages\/176","targetHints":{"allow":["GET"]}}],"collection":[{"href":"https:\/\/ssiad-faches.fr\/index.php?rest_route=\/wp\/v2\/pages"}],"about":[{"href":"https:\/\/ssiad-faches.fr\/index.php?rest_route=\/wp\/v2\/types\/page"}],"author":[{"embeddable":true,"href":"https:\/\/ssiad-faches.fr\/index.php?rest_route=\/wp\/v2\/users\/1"}],"replies":[{"embeddable":true,"href":"https:\/\/ssiad-faches.fr\/index.php?rest_route=%2Fwp%2Fv2%2Fcomments&post=176"}],"version-history":[{"count":6,"href":"https:\/\/ssiad-faches.fr\/index.php?rest_route=\/wp\/v2\/pages\/176\/revisions"}],"predecessor-version":[{"id":227,"href":"https:\/\/ssiad-faches.fr\/index.php?rest_route=\/wp\/v2\/pages\/176\/revisions\/227"}],"wp:attachment":[{"href":"https:\/\/ssiad-faches.fr\/index.php?rest_route=%2Fwp%2Fv2%2Fmedia&parent=176"}],"curies":[{"name":"wp","href":"https:\/\/api.w.org\/{rel}","templated":true}]}}