{"id":228,"date":"2021-02-26T14:15:55","date_gmt":"2021-02-26T14:15:55","guid":{"rendered":"http:\/\/ssiad-faches.fr\/?page_id=228"},"modified":"2021-02-26T14:23:53","modified_gmt":"2021-02-26T14:23:53","slug":"partenaires-du-ssiad-lille","status":"publish","type":"page","link":"https:\/\/ssiad-faches.fr\/?page_id=228","title":{"rendered":"Nos partenaires"},"content":{"rendered":"<div data-label=\"Features\" data-id=\"features--1\" data-export-id=\"features-6\" data-category=\"features\" class=\"features-6 content-section-spacing\" id=\"features-1\"  style=\"background-color: rgb(255, 255, 255); background-image: none;\">\n<div class=\"gridContainer\" >\n<div data-type=\"row\" class=\"row space-bottom\" >\n<div class=\"col-xs-12 col-sm-4 col-padding-small-xs\" >\n<div class=\"row\" >\n<div class=\"col-xs-fit\" >\n<p class=\"oval color2\" ><span style=\"color: rgb(210, 223, 100); font-weight: 900;\" >1<\/span><\/p>\n<\/div>\n<div class=\"col-xs left-text\" data-type=\"column\" >\n<h4 class=\"color2\" ><span style=\"color: rgb(210, 223, 100); font-weight: 900;\" >Le m\u00e9decin traitant<\/span><span id=\"_mce_caret\" data-mce-bogus=\"1\" data-mce-type=\"format-caret\" ><span style=\"color: rgb(210, 223, 100); font-weight: 900;\" >\ufeff<\/span><\/span><\/h4>\n<p class=\"\" >Il est \u00e0 la base de votre maintien \u00e0 domicile. Il prescrit votre demande de prise en charge et reste en lien avec les infirmi\u00e8res coordinatrices.<\/p>\n<\/div><\/div>\n<\/div>\n<div class=\"col-xs-12 col-sm-4 col-padding-small-xs\" >\n<div class=\"row\" >\n<div class=\"col-xs-fit\" >\n<p class=\"oval color2\" ><span style=\"color: rgb(210, 223, 100); font-weight: 900;\" >2<\/span><\/p>\n<\/div>\n<div class=\"col-xs left-text\" data-type=\"column\" >\n<h4 class=\"color2\" ><span style=\"color: rgb(210, 223, 100); font-weight: 900;\" >Les intervenants conventionn\u00e9s avec le S.S.I.A.D.<\/span><\/h4>\n<p class=\"\" ><span style=\"font-weight: 700;\" >\u2022\tInfirmier Lib\u00e9ral<\/span><br ><br \/>\nVous choisissez votre infirmier lib\u00e9ral et pr\u00e9venez les infirmi\u00e8res coordinatrices.<br ><br \/>\nIl r\u00e9alise les soins prescrits par le m\u00e9decin traitant, sous sa seule responsabilit\u00e9.<br ><br \/>\nLes honoraires et les frais de d\u00e9placements des infirmiers (es) lib\u00e9raux sont pris en charge par le service de soins.<\/p>\n<p><span style=\"font-weight: 700;\" >\u2022\tP\u00e9dicure-podologue<\/span><br ><br \/>\nLes interventions de p\u00e9dicurie sont prises en charge par notre service \u00e0 hauteur de 20 \u20ac une fois par trimestre. Le reste des honoraires est \u00e0 votre charge.<\/p>\n<\/div><\/div>\n<\/div>\n<div class=\"col-xs-12 col-sm-4 col-padding-small-xs\" >\n<div class=\"row\" >\n<div class=\"col-xs-fit\" >\n<p class=\"oval color2\" ><span style=\"color: rgb(210, 223, 100); font-weight: 900;\" >3<\/span><\/p>\n<\/div>\n<div class=\"col-xs left-text\" data-type=\"column\" >\n<h4 class=\"color2\" ><span style=\"font-weight: 700; color: rgb(210, 223, 100);\" >Autres acteurs de votre maintien \u00e0 domicile<\/span><\/h4>\n<p class=\"\" ><span style=\"font-weight: 700;\" >\u2022\tAccueil de jour Jeanne DEROUBAIX<\/span><br ><br \/>\nL\u2019accueil de jour concerne les personnes atteintes de la maladie d\u2019Alzheimer ou maladies apparent\u00e9es.<br ><br \/>\nVous pouvez vous y inscrire pour b\u00e9n\u00e9ficier d\u2019un accompagnement pendant la journ\u00e9e, de renouer des liens et de sortir de chez soi.<br ><br \/>\nL\u2019accueil apporte \u00e9galement une aide pour l\u2019entourage dans sa relation d\u2019accompagnement du proche affect\u00e9 par la maladie.<\/p>\n<p><span style=\"font-weight: 700;\" >\u2022\tLa Maison des A\u00een\u00e9s<\/span><br ><br \/>\nLa responsable du service et l\u2019infirmi\u00e8re coordinatrice participent r\u00e9guli\u00e8rement au r\u00e9seau local de coordination g\u00e9rontologique avec les autres acteurs de votre maintien \u00e0 domicile.<\/p>\n<\/div><\/div>\n<\/div>\n<\/div>\n<div class=\"row\" >\n<div data-type=\"column\" class=\"col-xs-12 text-center\" >\n<p  class=\"\">&nbsp;<\/p>\n<\/p><\/div>\n<\/p><\/div>\n<\/div><\/div>\n<div  data-label=\"Cta\" data-id=\"cta--1\" data-export-id=\"cta-blue-section\" data-category=\"cta\" class=\"cta-blue-section content-section content-section-spacing-medium bg-color1 white-text\" id=\"cta-1\">\n<div  class=\"gridContainer\">\n<div  class=\"row middle-xs\">\n<div  class=\"col-sm-8 space-bottom-xs\" data-type=\"column\">\n<h2  class=\"\">BESOIN D\u2019UNE<br ><br \/>\nINFORMATION ?<\/h2>\n<\/p><\/div>\n<div  class=\"col-sm-4 end-sm\" data-type=\"column\"> <a class=\"button color2\" href=\"tel:03.20.60.09.05\" target=\"_self\" data-cp-link=\"1\" data-icon=\"fa-phone\" rel=\"noopener\"><span  class=\"button-icon fa fa-phone\"><\/span>Contactez-nous<\/a><\/div>\n<\/p><\/div>\n<\/div><\/div>\n<div  data-label=\"Cta\" data-id=\"cta--2\" data-export-id=\"cta-centered-bg-section\" data-category=\"cta\" data-section-ov=\"1\" class=\"cta-centered-bg-section content-section content-section-spacing-medium white-text\" data-parallax-depth=\"20\" id=\"cta-2\" style=\"background-color: rgb(245, 250, 253); background-image: url(&quot;http:\/\/ssiad-faches.fr\/wp-content\/uploads\/2021\/02\/8.jpg&quot;); background-size: cover; background-position: center top;\">\n<div  class=\"gridContainer\">\n<div  class=\"row text-center\">\n<div  data-type=\"column\" class=\"\">\n<h2  class=\"\">\n<p><span  class=\"font-300\"><\/span><\/h2>\n<\/p><\/div>\n<\/p><\/div>\n<\/div><\/div>\n<div  data-label=\"Contact\" data-id=\"contact--1\" data-export-id=\"contact-6\" data-category=\"contact\" class=\"contact-5 content-section content-section-spacing\" id=\"contact-1\" style=\"background-color: rgb(255, 255, 255);\">\n<div  class=\"gridContainer\">\n<div  class=\"row text-center\">\n<div  class=\"section-title-col\" data-type=\"column\">\n<h2  class=\"\">RENDEZ-NOUS VISITE !<\/h2>\n<p  class=\"lead\">SERVICE DE SOINS INFIRMIERS \u00c0 DOMICILE DE FACHES-THUMESNIL \u00ab ANNE MARIE JAVOUHEY \u00bb<\/p>\n<\/div><\/div>\n<div  class=\"row middle-sm\">\n<div  class=\"col-xs-12 col-sm-6 image-holder space-bottom-xs\">\n<div  data-content-shortcode=\"mesmerize_maps address=&quot;12, rue Anatole France 59155 \u2013 FACHES THUMESNIL&quot; zoom=&quot;90&quot;\" data-editable=\"true\" class=\"shadow-medium\">        <div class=\"mesmerize-google-maps\" style=\"width:100%\">\n            <iframe style=\"width:100%; height:100%;min-height:inherit;display:block;\" src=\"https:\/\/maps.google.com\/maps?q=12,%20rue%20Anatole%20France%2059155%20\u2013%20FACHES%20THUMESNIL&#038;z=19&#038;output=embed&#038;iwloc=near\"><\/iframe>\n        <\/div>\n    <\/div>\n<\/div>\n<div  class=\"col-xs-12 col-sm-6\">\n<div  class=\"row middle-sm\">\n<div  data-type=\"column\" class=\"col-xs-12 space-bottom-small\">\n<h3  class=\"color1\">NOS COORDONN\u00c9ES:<\/h3>\n<\/div><\/div>\n<div  class=\"row middle-sm\" data-type=\"row\">\n<div  class=\"col-xs-12 space-bottom-small\">\n<div  class=\"row\">\n<div  data-type=\"column\" class=\"col-xs-12 col-sm-fit label-col\">\n<h5  class=\"\">Adresse:<\/h5>\n<\/div>\n<div  data-type=\"column\" class=\"col-xs-12 col-sm\">\n<p  class=\"\">12, rue Anatole France 59155 \u2013 FACHES THUMESNIL<\/p>\n<\/div><\/div>\n<\/div>\n<div  class=\"col-xs-12 space-bottom-small\">\n<div  class=\"row\">\n<div  data-type=\"column\" class=\"col-xs-12 col-sm-fit label-col\">\n<h5  class=\"\">T\u00e9l\u00e9phone:<\/h5>\n<\/div>\n<div  data-type=\"column\" class=\"col-xs-12 col-sm\">\n<p  class=\"\">03 20 60 09 05<\/p>\n<\/div><\/div>\n<\/div>\n<div  class=\"col-xs-12 space-bottom-small\">\n<div  class=\"row\">\n<div  data-type=\"column\" class=\"col-xs-12 col-sm-fit label-col\">\n<h5  class=\"\">Email:<\/h5>\n<\/div>\n<div  data-type=\"column\" class=\"col-xs-12 col-sm\"><a href=\"mailto:accueil@ssiad-amjavouhey.fr\" class=\"\" target=\"_self\" data-cp-link=\"1\" rel=\"noopener\">accueil@ssiad-amjavouhey.fr<\/a><\/div>\n<\/p><\/div>\n<\/div>\n<div  class=\"col-xs-12 space-bottom-small\">\n<div  class=\"row\">\n<div  data-type=\"column\" class=\"col-xs-12 col-sm-fit label-col\">\n<h5  class=\"\">Suivez-nous:<\/h5>\n<\/div>\n<div  data-type=\"column\" class=\"col-xs-12 col-sm\">\n<div  data-type=\"group\" class=\"\"> <a href=\"#\" target=\"_self\" rel=\"noopener\"><i  class=\"fa icon fa-linkedin-square color1\"><\/i><\/a> <a href=\"#\" target=\"_self\" rel=\"noopener\"><i  class=\"fa icon fa-facebook-square color1\"><\/i><\/a> <a href=\"#\" target=\"_self\" data-reiki-hidden=\"true\" rel=\"noopener\"><i  class=\"fa icon fa-instagram color1\"><\/i><\/a> <a href=\"#\" target=\"_self\" rel=\"noopener\"><i  class=\"fa icon fa-rss color1\"><\/i><\/a><\/div>\n<\/p><\/div>\n<\/div><\/div>\n<\/div><\/div>\n<\/div><\/div>\n<\/div>\n","protected":false},"excerpt":{"rendered":"<p>1 Le m\u00e9decin traitant\ufeff Il est \u00e0 la base de votre maintien \u00e0 domicile. Il prescrit votre demande de prise en charge et reste en lien avec les infirmi\u00e8res coordinatrices. 2 Les intervenants conventionn\u00e9s avec le S.S.I.A.D. \u2022 Infirmier Lib\u00e9ral Vous choisissez votre infirmier lib\u00e9ral et pr\u00e9venez les infirmi\u00e8res coordinatrices. Il r\u00e9alise les soins prescrits&hellip; <br \/> <a class=\"read-more\" href=\"https:\/\/ssiad-faches.fr\/?page_id=228\">Read more<\/a><\/p>\n","protected":false},"author":1,"featured_media":0,"parent":0,"menu_order":0,"comment_status":"closed","ping_status":"closed","template":"pro\/page-templates\/full-width-page.php","meta":{"footnotes":""},"class_list":["post-228","page","type-page","status-publish","hentry"],"yoast_head":"<!-- This site is optimized with the Yoast SEO plugin v27.4 - https:\/\/yoast.com\/product\/yoast-seo-wordpress\/ -->\n<title>Nos partenaires - SSIAD<\/title>\n<meta name=\"description\" content=\"Le S.S.I.A.D de Faches-Thumesnil s\u2019appuie sur une valeur fondamentale selon laquelle l\u2019\u00eatre humain est unique.\" \/>\n<meta name=\"robots\" content=\"index, follow, max-snippet:-1, max-image-preview:large, max-video-preview:-1\" \/>\n<link rel=\"canonical\" href=\"https:\/\/ssiad-faches.fr\/?page_id=228\" \/>\n<meta property=\"og:locale\" content=\"fr_FR\" \/>\n<meta property=\"og:type\" content=\"article\" \/>\n<meta property=\"og:title\" content=\"Nos partenaires - SSIAD\" \/>\n<meta property=\"og:description\" content=\"Le S.S.I.A.D de Faches-Thumesnil s\u2019appuie sur une valeur fondamentale selon laquelle l\u2019\u00eatre humain est unique.\" \/>\n<meta property=\"og:url\" content=\"https:\/\/ssiad-faches.fr\/?page_id=228\" \/>\n<meta property=\"og:site_name\" content=\"SSIAD\" \/>\n<meta property=\"article:modified_time\" content=\"2021-02-26T14:23:53+00:00\" \/>\n<meta name=\"twitter:card\" content=\"summary_large_image\" \/>\n<meta name=\"twitter:label1\" content=\"Dur\u00e9e de lecture estim\u00e9e\" \/>\n\t<meta name=\"twitter:data1\" content=\"1 minute\" \/>\n<script type=\"application\/ld+json\" class=\"yoast-schema-graph\">{\"@context\":\"https:\\\/\\\/schema.org\",\"@graph\":[{\"@type\":\"WebPage\",\"@id\":\"https:\\\/\\\/ssiad-faches.fr\\\/?page_id=228\",\"url\":\"https:\\\/\\\/ssiad-faches.fr\\\/?page_id=228\",\"name\":\"Nos partenaires - SSIAD\",\"isPartOf\":{\"@id\":\"https:\\\/\\\/ssiad-faches.fr\\\/#website\"},\"datePublished\":\"2021-02-26T14:15:55+00:00\",\"dateModified\":\"2021-02-26T14:23:53+00:00\",\"description\":\"Le S.S.I.A.D de Faches-Thumesnil s\u2019appuie sur une valeur fondamentale selon laquelle l\u2019\u00eatre humain est unique.\",\"breadcrumb\":{\"@id\":\"https:\\\/\\\/ssiad-faches.fr\\\/?page_id=228#breadcrumb\"},\"inLanguage\":\"fr-FR\",\"potentialAction\":[{\"@type\":\"ReadAction\",\"target\":[\"https:\\\/\\\/ssiad-faches.fr\\\/?page_id=228\"]}]},{\"@type\":\"BreadcrumbList\",\"@id\":\"https:\\\/\\\/ssiad-faches.fr\\\/?page_id=228#breadcrumb\",\"itemListElement\":[{\"@type\":\"ListItem\",\"position\":1,\"name\":\"Accueil\",\"item\":\"https:\\\/\\\/ssiad-faches.fr\\\/\"},{\"@type\":\"ListItem\",\"position\":2,\"name\":\"Nos partenaires\"}]},{\"@type\":\"WebSite\",\"@id\":\"https:\\\/\\\/ssiad-faches.fr\\\/#website\",\"url\":\"https:\\\/\\\/ssiad-faches.fr\\\/\",\"name\":\"SSIAD\",\"description\":\"Services de Soins Infirmiers \u00e0 Domicile\",\"publisher\":{\"@id\":\"https:\\\/\\\/ssiad-faches.fr\\\/#organization\"},\"potentialAction\":[{\"@type\":\"SearchAction\",\"target\":{\"@type\":\"EntryPoint\",\"urlTemplate\":\"https:\\\/\\\/ssiad-faches.fr\\\/?s={search_term_string}\"},\"query-input\":{\"@type\":\"PropertyValueSpecification\",\"valueRequired\":true,\"valueName\":\"search_term_string\"}}],\"inLanguage\":\"fr-FR\"},{\"@type\":\"Organization\",\"@id\":\"https:\\\/\\\/ssiad-faches.fr\\\/#organization\",\"name\":\"SSIAD\",\"url\":\"https:\\\/\\\/ssiad-faches.fr\\\/\",\"logo\":{\"@type\":\"ImageObject\",\"inLanguage\":\"fr-FR\",\"@id\":\"https:\\\/\\\/ssiad-faches.fr\\\/#\\\/schema\\\/logo\\\/image\\\/\",\"url\":\"https:\\\/\\\/ssiad-faches.fr\\\/wp-content\\\/uploads\\\/2021\\\/02\\\/cropped-SSIAD.png\",\"contentUrl\":\"https:\\\/\\\/ssiad-faches.fr\\\/wp-content\\\/uploads\\\/2021\\\/02\\\/cropped-SSIAD.png\",\"width\":413,\"height\":139,\"caption\":\"SSIAD\"},\"image\":{\"@id\":\"https:\\\/\\\/ssiad-faches.fr\\\/#\\\/schema\\\/logo\\\/image\\\/\"}}]}<\/script>\n<!-- \/ Yoast SEO plugin. -->","yoast_head_json":{"title":"Nos partenaires - SSIAD","description":"Le S.S.I.A.D de Faches-Thumesnil s\u2019appuie sur une valeur fondamentale selon laquelle l\u2019\u00eatre humain est unique.","robots":{"index":"index","follow":"follow","max-snippet":"max-snippet:-1","max-image-preview":"max-image-preview:large","max-video-preview":"max-video-preview:-1"},"canonical":"https:\/\/ssiad-faches.fr\/?page_id=228","og_locale":"fr_FR","og_type":"article","og_title":"Nos partenaires - SSIAD","og_description":"Le S.S.I.A.D de Faches-Thumesnil s\u2019appuie sur une valeur fondamentale selon laquelle l\u2019\u00eatre humain est unique.","og_url":"https:\/\/ssiad-faches.fr\/?page_id=228","og_site_name":"SSIAD","article_modified_time":"2021-02-26T14:23:53+00:00","twitter_card":"summary_large_image","twitter_misc":{"Dur\u00e9e de lecture estim\u00e9e":"1 minute"},"schema":{"@context":"https:\/\/schema.org","@graph":[{"@type":"WebPage","@id":"https:\/\/ssiad-faches.fr\/?page_id=228","url":"https:\/\/ssiad-faches.fr\/?page_id=228","name":"Nos partenaires - SSIAD","isPartOf":{"@id":"https:\/\/ssiad-faches.fr\/#website"},"datePublished":"2021-02-26T14:15:55+00:00","dateModified":"2021-02-26T14:23:53+00:00","description":"Le S.S.I.A.D de Faches-Thumesnil s\u2019appuie sur une valeur fondamentale selon laquelle l\u2019\u00eatre humain est unique.","breadcrumb":{"@id":"https:\/\/ssiad-faches.fr\/?page_id=228#breadcrumb"},"inLanguage":"fr-FR","potentialAction":[{"@type":"ReadAction","target":["https:\/\/ssiad-faches.fr\/?page_id=228"]}]},{"@type":"BreadcrumbList","@id":"https:\/\/ssiad-faches.fr\/?page_id=228#breadcrumb","itemListElement":[{"@type":"ListItem","position":1,"name":"Accueil","item":"https:\/\/ssiad-faches.fr\/"},{"@type":"ListItem","position":2,"name":"Nos partenaires"}]},{"@type":"WebSite","@id":"https:\/\/ssiad-faches.fr\/#website","url":"https:\/\/ssiad-faches.fr\/","name":"SSIAD","description":"Services de Soins Infirmiers \u00e0 Domicile","publisher":{"@id":"https:\/\/ssiad-faches.fr\/#organization"},"potentialAction":[{"@type":"SearchAction","target":{"@type":"EntryPoint","urlTemplate":"https:\/\/ssiad-faches.fr\/?s={search_term_string}"},"query-input":{"@type":"PropertyValueSpecification","valueRequired":true,"valueName":"search_term_string"}}],"inLanguage":"fr-FR"},{"@type":"Organization","@id":"https:\/\/ssiad-faches.fr\/#organization","name":"SSIAD","url":"https:\/\/ssiad-faches.fr\/","logo":{"@type":"ImageObject","inLanguage":"fr-FR","@id":"https:\/\/ssiad-faches.fr\/#\/schema\/logo\/image\/","url":"https:\/\/ssiad-faches.fr\/wp-content\/uploads\/2021\/02\/cropped-SSIAD.png","contentUrl":"https:\/\/ssiad-faches.fr\/wp-content\/uploads\/2021\/02\/cropped-SSIAD.png","width":413,"height":139,"caption":"SSIAD"},"image":{"@id":"https:\/\/ssiad-faches.fr\/#\/schema\/logo\/image\/"}}]}},"_links":{"self":[{"href":"https:\/\/ssiad-faches.fr\/index.php?rest_route=\/wp\/v2\/pages\/228","targetHints":{"allow":["GET"]}}],"collection":[{"href":"https:\/\/ssiad-faches.fr\/index.php?rest_route=\/wp\/v2\/pages"}],"about":[{"href":"https:\/\/ssiad-faches.fr\/index.php?rest_route=\/wp\/v2\/types\/page"}],"author":[{"embeddable":true,"href":"https:\/\/ssiad-faches.fr\/index.php?rest_route=\/wp\/v2\/users\/1"}],"replies":[{"embeddable":true,"href":"https:\/\/ssiad-faches.fr\/index.php?rest_route=%2Fwp%2Fv2%2Fcomments&post=228"}],"version-history":[{"count":7,"href":"https:\/\/ssiad-faches.fr\/index.php?rest_route=\/wp\/v2\/pages\/228\/revisions"}],"predecessor-version":[{"id":241,"href":"https:\/\/ssiad-faches.fr\/index.php?rest_route=\/wp\/v2\/pages\/228\/revisions\/241"}],"wp:attachment":[{"href":"https:\/\/ssiad-faches.fr\/index.php?rest_route=%2Fwp%2Fv2%2Fmedia&parent=228"}],"curies":[{"name":"wp","href":"https:\/\/api.w.org\/{rel}","templated":true}]}}